{"id":55,"date":"2024-02-12T18:26:01","date_gmt":"2024-02-12T17:26:01","guid":{"rendered":"https:\/\/www.voyages-laponie-exclusive.com\/?page_id=55"},"modified":"2025-05-18T18:09:50","modified_gmt":"2025-05-18T16:09:50","slug":"voyages-sejours-laponie-finlande-noel-2025-tout-compris-hotel-ou-chalet-prive","status":"publish","type":"page","link":"https:\/\/www.voyages-laponie-exclusive.com\/index.php\/voyages-sejours-laponie-finlande-noel-2025-tout-compris-hotel-ou-chalet-prive\/","title":{"rendered":"Voyages No\u00ebl 2025"},"content":{"rendered":"\n<figure class=\"wp-block-image size-full\"><img loading=\"lazy\" decoding=\"async\" width=\"1700\" height=\"565\" src=\"http:\/\/www.voyages-laponie-exclusive.com\/wp-content\/uploads\/2024\/02\/voyages-sejours-laponie-finlande-noel-2024-tout-compris-hotel-ou-chalet-prive.jpg\" alt=\"Voyages s\u00e9jours Laponie Finlande No\u00ebl 2024, tout compris, H\u00f4tel ou Chalet Priv\u00e9\" class=\"wp-image-56\" srcset=\"https:\/\/www.voyages-laponie-exclusive.com\/wp-content\/uploads\/2024\/02\/voyages-sejours-laponie-finlande-noel-2024-tout-compris-hotel-ou-chalet-prive.jpg 1700w, https:\/\/www.voyages-laponie-exclusive.com\/wp-content\/uploads\/2024\/02\/voyages-sejours-laponie-finlande-noel-2024-tout-compris-hotel-ou-chalet-prive-300x100.jpg 300w, https:\/\/www.voyages-laponie-exclusive.com\/wp-content\/uploads\/2024\/02\/voyages-sejours-laponie-finlande-noel-2024-tout-compris-hotel-ou-chalet-prive-1024x340.jpg 1024w, https:\/\/www.voyages-laponie-exclusive.com\/wp-content\/uploads\/2024\/02\/voyages-sejours-laponie-finlande-noel-2024-tout-compris-hotel-ou-chalet-prive-768x255.jpg 768w, https:\/\/www.voyages-laponie-exclusive.com\/wp-content\/uploads\/2024\/02\/voyages-sejours-laponie-finlande-noel-2024-tout-compris-hotel-ou-chalet-prive-1536x510.jpg 1536w\" sizes=\"auto, (max-width: 1700px) 100vw, 1700px\" \/><figcaption class=\"wp-element-caption\">Voyages s\u00e9jours Laponie Finlande No\u00ebl 2025 tout compris, H\u00f4tel ou Chalet Priv\u00e9<\/figcaption><\/figure>\n\n\n\n<p><strong>Voyages s\u00e9jours Laponie Finlande No\u00ebl 2025 Tout Compris Hotel ou Chalet Priv\u00e9<\/strong><\/p>\n\n\n\n<div class=\"wp-block-columns is-layout-flex wp-container-core-columns-is-layout-9d6595d7 wp-block-columns-is-layout-flex\">\n<div class=\"wp-block-column is-layout-flow wp-block-column-is-layout-flow\" style=\"flex-basis:100%\">\n<ul class=\"wp-block-list\">\n<li>Vols Paris-Laponie sur nos Vols Directs en 3h15<\/li>\n\n\n\n<li>Guide fran\u00e7ais Laponie Exclusive pendant la totalit\u00e9 du s\u00e9jour<\/li>\n\n\n\n<li>H\u00e9bergement H\u00e9bergement Haut de Gamme en Chambre ou Loft Design finlandais<\/li>\n\n\n\n<li>Sauna traditionnel finlandais, Pension Compl\u00e8te<\/li>\n\n\n\n<li>Village Officiel du P\u00e8re No\u00ebl, la Poste, la Maison, Rencontre avec le P\u00e8re No\u00ebl dans sa maison\u2026<\/li>\n\n\n\n<li>Visite du Ice Igloo, Ice Bar, Ice Restaurant<\/li>\n\n\n\n<li>Tous les Transferts,&nbsp;Pr\u00eat de l\u2019\u00e9quipement anti-froid complet pour la totalit\u00e9 du s\u00e9jour, comprenant : bottes, chaussettes, combinaison, gants\u2026<\/li>\n\n\n\n<li>Sorties Aurores Bor\u00e9ales&nbsp;\u00bb chaque soir avec notre guide fran\u00e7ais de notre agence.<br>Pour admirer et photographier le ph\u00e9nom\u00e8ne des Aurores Bor\u00e9ales<\/li>\n\n\n\n<li>Ferme de Rennes,&nbsp;Visite de la Ferme d\u2019\u00e9levage des Rennes, D\u00e9couverte de la Culture Lapone, D\u00e9jeuner Lapon, Traineau de Rennes<\/li>\n\n\n\n<li>Ferme de Chiens Huskies, D\u00e9jeuner typique sous un Kota, Traineau de Chiens Huskies<\/li>\n\n\n\n<li>P\u00eache blanche sur lac gel\u00e9<\/li>\n\n\n\n<li>Safari Motoneige<\/li>\n\n\n\n<li>Selon les dates du voyage:<br>. C\u00e9l\u00e9bration du No\u00ebl 2025, Rencontre avec le P\u00e8re No\u00ebl, D\u00eener buffet traditionnel de No\u00ebl\u2026<br>. C\u00e9l\u00e9bration du R\u00e9veillon 2026, D\u00eener Buffet du nouvel an, Soir\u00e9e Festive<\/li>\n<\/ul>\n<\/div>\n<\/div>\n\n\n\n<p class=\"has-text-align-left\">Voyages s\u00e9jours Laponie Finlande No\u00ebl 2025 tout compris, H\u00f4tel ou Chalet Priv\u00e9<br>Le nombre de places est limit\u00e9, nous vous conseillons de nous contacter et de r\u00e9serv\u00e9 au plus vite !<br>Programmes et tarifs valables au 06\/04\/2025, sous r\u00e9serve de modifications et dans la limite des places disponibles.<br><br><strong>Demandez votre Devis personnalis\u00e9 par t\u00e9l\u00e9phone au 04 56 66 09 10<\/strong><br>ou en Cliquant ici :<\/p>\n\n\n\n<div class=\"wp-block-buttons is-layout-flex wp-block-buttons-is-layout-flex\">\n<div class=\"wp-block-button\"><a class=\"wp-block-button__link wp-element-button\" href=\"https:\/\/www.voyages-laponie-exclusive.com\/index.php\/voyages-sejours-laponie-finlande-demande-devis\/\">   Demande de Devis   <\/a><\/div>\n<\/div>\n\n\n\n<p class=\"has-text-align-left\"><br><br><br><br><br><br><\/p>\n\n\n\n<p><br><br><br><\/p>\n\n\n\n<p><br><br><\/p>\n\n\n\n<p><\/p>\n\n\n\n<p><\/p>\n","protected":false},"excerpt":{"rendered":"<p>Voyages s\u00e9jours Laponie Finlande No\u00ebl 2025 Tout Compris Hotel ou Chalet Priv\u00e9 Voyages s\u00e9jours Laponie Finlande No\u00ebl 2025 tout compris, H\u00f4tel ou Chalet Priv\u00e9Le nombre de places est limit\u00e9, nous vous conseillons de nous contacter et de r\u00e9serv\u00e9 au plus vite !Programmes et tarifs valables au 06\/04\/2025, sous r\u00e9serve de modifications et dans la limite&#8230;<\/p>\n","protected":false},"author":1,"featured_media":0,"parent":0,"menu_order":0,"comment_status":"closed","ping_status":"closed","template":"","meta":{"_kad_post_transparent":"","_kad_post_title":"","_kad_post_layout":"","_kad_post_sidebar_id":"","_kad_post_content_style":"","_kad_post_vertical_padding":"","_kad_post_feature":"","_kad_post_feature_position":"","_kad_post_header":false,"_kad_post_footer":false,"footnotes":""},"class_list":["post-55","page","type-page","status-publish","hentry"],"yoast_head":"<!-- This site is optimized with the Yoast SEO plugin v22.0 - https:\/\/yoast.com\/wordpress\/plugins\/seo\/ -->\n<title>Voyages s\u00e9jours Laponie Finlande No\u00ebl 2025 Tout Compris, Hotel ou Chalet Priv\u00e9<\/title>\n<meta name=\"description\" content=\"Voyages s\u00e9jours Laponie Finlande No\u00ebl 2025 Tout Compris, Hotel ou Chalet Priv\u00e9 2025 2026 janvier f\u00e9vrier mars 2026 Su\u00e8de Norv\u00e8ge, voyage s\u00e9jour Laponie Finlande No\u00ebl 2025 Tout Compris, Hotel ou Chalet Priv\u00e9\" \/>\n<meta name=\"robots\" content=\"index, follow, max-snippet:-1, max-image-preview:large, max-video-preview:-1\" \/>\n<link rel=\"canonical\" href=\"https:\/\/www.voyages-laponie-exclusive.com\/index.php\/voyages-sejours-laponie-finlande-noel-2025-tout-compris-hotel-ou-chalet-prive\/\" \/>\n<meta property=\"og:locale\" content=\"fr_FR\" \/>\n<meta property=\"og:type\" content=\"article\" \/>\n<meta property=\"og:title\" content=\"Voyages s\u00e9jours Laponie Finlande No\u00ebl 2025 Tout Compris, Hotel ou Chalet Priv\u00e9\" \/>\n<meta property=\"og:description\" content=\"Voyages s\u00e9jours Laponie Finlande No\u00ebl 2025 Tout Compris, Hotel ou Chalet Priv\u00e9 2025 2026 janvier f\u00e9vrier mars 2026 Su\u00e8de Norv\u00e8ge, voyage s\u00e9jour Laponie Finlande No\u00ebl 2025 Tout Compris, Hotel ou Chalet Priv\u00e9\" \/>\n<meta property=\"og:url\" content=\"https:\/\/www.voyages-laponie-exclusive.com\/index.php\/voyages-sejours-laponie-finlande-noel-2025-tout-compris-hotel-ou-chalet-prive\/\" \/>\n<meta property=\"og:site_name\" content=\"Voyages Laponie Exclusive\" \/>\n<meta property=\"article:modified_time\" content=\"2025-05-18T16:09:50+00:00\" \/>\n<meta property=\"og:image\" content=\"http:\/\/www.voyages-laponie-exclusive.com\/wp-content\/uploads\/2024\/02\/voyages-sejours-laponie-finlande-noel-2024-tout-compris-hotel-ou-chalet-prive.jpg\" \/>\n<meta name=\"twitter:card\" content=\"summary_large_image\" \/>\n<meta name=\"twitter:label1\" content=\"Dur\u00e9e de lecture estim\u00e9e\" \/>\n\t<meta name=\"twitter:data1\" content=\"2 minutes\" \/>\n<script type=\"application\/ld+json\" class=\"yoast-schema-graph\">{\"@context\":\"https:\/\/schema.org\",\"@graph\":[{\"@type\":\"WebPage\",\"@id\":\"https:\/\/www.voyages-laponie-exclusive.com\/index.php\/voyages-sejours-laponie-finlande-noel-2025-tout-compris-hotel-ou-chalet-prive\/\",\"url\":\"https:\/\/www.voyages-laponie-exclusive.com\/index.php\/voyages-sejours-laponie-finlande-noel-2025-tout-compris-hotel-ou-chalet-prive\/\",\"name\":\"Voyages s\u00e9jours Laponie Finlande No\u00ebl 2025 Tout Compris, Hotel ou Chalet Priv\u00e9\",\"isPartOf\":{\"@id\":\"https:\/\/www.voyages-laponie-exclusive.com\/#website\"},\"datePublished\":\"2024-02-12T17:26:01+00:00\",\"dateModified\":\"2025-05-18T16:09:50+00:00\",\"description\":\"Voyages s\u00e9jours Laponie Finlande No\u00ebl 2025 Tout Compris, Hotel ou Chalet Priv\u00e9 2025 2026 janvier f\u00e9vrier mars 2026 Su\u00e8de Norv\u00e8ge, voyage s\u00e9jour Laponie Finlande No\u00ebl 2025 Tout Compris, Hotel ou Chalet Priv\u00e9\",\"breadcrumb\":{\"@id\":\"https:\/\/www.voyages-laponie-exclusive.com\/index.php\/voyages-sejours-laponie-finlande-noel-2025-tout-compris-hotel-ou-chalet-prive\/#breadcrumb\"},\"inLanguage\":\"fr-FR\",\"potentialAction\":[{\"@type\":\"ReadAction\",\"target\":[\"https:\/\/www.voyages-laponie-exclusive.com\/index.php\/voyages-sejours-laponie-finlande-noel-2025-tout-compris-hotel-ou-chalet-prive\/\"]}]},{\"@type\":\"BreadcrumbList\",\"@id\":\"https:\/\/www.voyages-laponie-exclusive.com\/index.php\/voyages-sejours-laponie-finlande-noel-2025-tout-compris-hotel-ou-chalet-prive\/#breadcrumb\",\"itemListElement\":[{\"@type\":\"ListItem\",\"position\":1,\"name\":\"Accueil\",\"item\":\"https:\/\/www.voyages-laponie-exclusive.com\/\"},{\"@type\":\"ListItem\",\"position\":2,\"name\":\"Voyages No\u00ebl 2025\"}]},{\"@type\":\"WebSite\",\"@id\":\"https:\/\/www.voyages-laponie-exclusive.com\/#website\",\"url\":\"https:\/\/www.voyages-laponie-exclusive.com\/\",\"name\":\"Voyages Laponie Exclusive\",\"description\":\"Magnifiques et F\u00e9\u00e9riques voyages\",\"publisher\":{\"@id\":\"https:\/\/www.voyages-laponie-exclusive.com\/#organization\"},\"potentialAction\":[{\"@type\":\"SearchAction\",\"target\":{\"@type\":\"EntryPoint\",\"urlTemplate\":\"https:\/\/www.voyages-laponie-exclusive.com\/?s={search_term_string}\"},\"query-input\":\"required name=search_term_string\"}],\"inLanguage\":\"fr-FR\"},{\"@type\":\"Organization\",\"@id\":\"https:\/\/www.voyages-laponie-exclusive.com\/#organization\",\"name\":\"Voyages Laponie Exclusive\",\"url\":\"https:\/\/www.voyages-laponie-exclusive.com\/\",\"logo\":{\"@type\":\"ImageObject\",\"inLanguage\":\"fr-FR\",\"@id\":\"https:\/\/www.voyages-laponie-exclusive.com\/#\/schema\/logo\/image\/\",\"url\":\"https:\/\/www.voyages-laponie-exclusive.com\/wp-content\/uploads\/2024\/02\/voyages-laponie-2025-janvier-fevrier-mars-2025-finlande-suede-sejours-tout-compris.jpg\",\"contentUrl\":\"https:\/\/www.voyages-laponie-exclusive.com\/wp-content\/uploads\/2024\/02\/voyages-laponie-2025-janvier-fevrier-mars-2025-finlande-suede-sejours-tout-compris.jpg\",\"width\":815,\"height\":543,\"caption\":\"Voyages Laponie Exclusive\"},\"image\":{\"@id\":\"https:\/\/www.voyages-laponie-exclusive.com\/#\/schema\/logo\/image\/\"}}]}<\/script>\n<!-- \/ Yoast SEO plugin. -->","yoast_head_json":{"title":"Voyages s\u00e9jours Laponie Finlande No\u00ebl 2025 Tout Compris, Hotel ou Chalet Priv\u00e9","description":"Voyages s\u00e9jours Laponie Finlande No\u00ebl 2025 Tout Compris, Hotel ou Chalet Priv\u00e9 2025 2026 janvier f\u00e9vrier mars 2026 Su\u00e8de Norv\u00e8ge, voyage s\u00e9jour Laponie Finlande No\u00ebl 2025 Tout Compris, Hotel ou Chalet Priv\u00e9","robots":{"index":"index","follow":"follow","max-snippet":"max-snippet:-1","max-image-preview":"max-image-preview:large","max-video-preview":"max-video-preview:-1"},"canonical":"https:\/\/www.voyages-laponie-exclusive.com\/index.php\/voyages-sejours-laponie-finlande-noel-2025-tout-compris-hotel-ou-chalet-prive\/","og_locale":"fr_FR","og_type":"article","og_title":"Voyages s\u00e9jours Laponie Finlande No\u00ebl 2025 Tout Compris, Hotel ou Chalet Priv\u00e9","og_description":"Voyages s\u00e9jours Laponie Finlande No\u00ebl 2025 Tout Compris, Hotel ou Chalet Priv\u00e9 2025 2026 janvier f\u00e9vrier mars 2026 Su\u00e8de Norv\u00e8ge, voyage s\u00e9jour Laponie Finlande No\u00ebl 2025 Tout Compris, Hotel ou Chalet Priv\u00e9","og_url":"https:\/\/www.voyages-laponie-exclusive.com\/index.php\/voyages-sejours-laponie-finlande-noel-2025-tout-compris-hotel-ou-chalet-prive\/","og_site_name":"Voyages Laponie Exclusive","article_modified_time":"2025-05-18T16:09:50+00:00","og_image":[{"url":"http:\/\/www.voyages-laponie-exclusive.com\/wp-content\/uploads\/2024\/02\/voyages-sejours-laponie-finlande-noel-2024-tout-compris-hotel-ou-chalet-prive.jpg"}],"twitter_card":"summary_large_image","twitter_misc":{"Dur\u00e9e de lecture estim\u00e9e":"2 minutes"},"schema":{"@context":"https:\/\/schema.org","@graph":[{"@type":"WebPage","@id":"https:\/\/www.voyages-laponie-exclusive.com\/index.php\/voyages-sejours-laponie-finlande-noel-2025-tout-compris-hotel-ou-chalet-prive\/","url":"https:\/\/www.voyages-laponie-exclusive.com\/index.php\/voyages-sejours-laponie-finlande-noel-2025-tout-compris-hotel-ou-chalet-prive\/","name":"Voyages s\u00e9jours Laponie Finlande No\u00ebl 2025 Tout Compris, Hotel ou Chalet Priv\u00e9","isPartOf":{"@id":"https:\/\/www.voyages-laponie-exclusive.com\/#website"},"datePublished":"2024-02-12T17:26:01+00:00","dateModified":"2025-05-18T16:09:50+00:00","description":"Voyages s\u00e9jours Laponie Finlande No\u00ebl 2025 Tout Compris, Hotel ou Chalet Priv\u00e9 2025 2026 janvier f\u00e9vrier mars 2026 Su\u00e8de Norv\u00e8ge, voyage s\u00e9jour Laponie Finlande No\u00ebl 2025 Tout Compris, Hotel ou Chalet Priv\u00e9","breadcrumb":{"@id":"https:\/\/www.voyages-laponie-exclusive.com\/index.php\/voyages-sejours-laponie-finlande-noel-2025-tout-compris-hotel-ou-chalet-prive\/#breadcrumb"},"inLanguage":"fr-FR","potentialAction":[{"@type":"ReadAction","target":["https:\/\/www.voyages-laponie-exclusive.com\/index.php\/voyages-sejours-laponie-finlande-noel-2025-tout-compris-hotel-ou-chalet-prive\/"]}]},{"@type":"BreadcrumbList","@id":"https:\/\/www.voyages-laponie-exclusive.com\/index.php\/voyages-sejours-laponie-finlande-noel-2025-tout-compris-hotel-ou-chalet-prive\/#breadcrumb","itemListElement":[{"@type":"ListItem","position":1,"name":"Accueil","item":"https:\/\/www.voyages-laponie-exclusive.com\/"},{"@type":"ListItem","position":2,"name":"Voyages No\u00ebl 2025"}]},{"@type":"WebSite","@id":"https:\/\/www.voyages-laponie-exclusive.com\/#website","url":"https:\/\/www.voyages-laponie-exclusive.com\/","name":"Voyages Laponie Exclusive","description":"Magnifiques et F\u00e9\u00e9riques voyages","publisher":{"@id":"https:\/\/www.voyages-laponie-exclusive.com\/#organization"},"potentialAction":[{"@type":"SearchAction","target":{"@type":"EntryPoint","urlTemplate":"https:\/\/www.voyages-laponie-exclusive.com\/?s={search_term_string}"},"query-input":"required name=search_term_string"}],"inLanguage":"fr-FR"},{"@type":"Organization","@id":"https:\/\/www.voyages-laponie-exclusive.com\/#organization","name":"Voyages Laponie Exclusive","url":"https:\/\/www.voyages-laponie-exclusive.com\/","logo":{"@type":"ImageObject","inLanguage":"fr-FR","@id":"https:\/\/www.voyages-laponie-exclusive.com\/#\/schema\/logo\/image\/","url":"https:\/\/www.voyages-laponie-exclusive.com\/wp-content\/uploads\/2024\/02\/voyages-laponie-2025-janvier-fevrier-mars-2025-finlande-suede-sejours-tout-compris.jpg","contentUrl":"https:\/\/www.voyages-laponie-exclusive.com\/wp-content\/uploads\/2024\/02\/voyages-laponie-2025-janvier-fevrier-mars-2025-finlande-suede-sejours-tout-compris.jpg","width":815,"height":543,"caption":"Voyages Laponie Exclusive"},"image":{"@id":"https:\/\/www.voyages-laponie-exclusive.com\/#\/schema\/logo\/image\/"}}]}},"_links":{"self":[{"href":"https:\/\/www.voyages-laponie-exclusive.com\/index.php\/wp-json\/wp\/v2\/pages\/55","targetHints":{"allow":["GET"]}}],"collection":[{"href":"https:\/\/www.voyages-laponie-exclusive.com\/index.php\/wp-json\/wp\/v2\/pages"}],"about":[{"href":"https:\/\/www.voyages-laponie-exclusive.com\/index.php\/wp-json\/wp\/v2\/types\/page"}],"author":[{"embeddable":true,"href":"https:\/\/www.voyages-laponie-exclusive.com\/index.php\/wp-json\/wp\/v2\/users\/1"}],"replies":[{"embeddable":true,"href":"https:\/\/www.voyages-laponie-exclusive.com\/index.php\/wp-json\/wp\/v2\/comments?post=55"}],"version-history":[{"count":7,"href":"https:\/\/www.voyages-laponie-exclusive.com\/index.php\/wp-json\/wp\/v2\/pages\/55\/revisions"}],"predecessor-version":[{"id":197,"href":"https:\/\/www.voyages-laponie-exclusive.com\/index.php\/wp-json\/wp\/v2\/pages\/55\/revisions\/197"}],"wp:attachment":[{"href":"https:\/\/www.voyages-laponie-exclusive.com\/index.php\/wp-json\/wp\/v2\/media?parent=55"}],"curies":[{"name":"wp","href":"https:\/\/api.w.org\/{rel}","templated":true}]}}