{"id":31,"date":"2024-02-08T19:53:56","date_gmt":"2024-02-08T18:53:56","guid":{"rendered":"https:\/\/www.voyages-laponie-exclusive.com\/?page_id=31"},"modified":"2025-05-19T11:47:20","modified_gmt":"2025-05-19T09:47:20","slug":"voyages-sejours-laponie-finlande-2026-janvier-fevrier-mars-2026-suede-norvege-tout-compris","status":"publish","type":"page","link":"https:\/\/www.voyages-laponie-exclusive.com\/index.php\/voyages-sejours-laponie-finlande-2026-janvier-fevrier-mars-2026-suede-norvege-tout-compris\/","title":{"rendered":"Voyages 2025 2026, Spa Piscine, Multi-Activit\u00e9s, Safari Motoneige, Aurores Bor\u00e9ales"},"content":{"rendered":"\n<figure class=\"wp-block-image size-full\"><img loading=\"lazy\" decoding=\"async\" width=\"1700\" height=\"632\" src=\"http:\/\/www.voyages-laponie-exclusive.com\/wp-content\/uploads\/2025\/05\/voyages-sejours-laponie-finlande-2026-janvier-fevrier-mars-2026-suede-norvege-tout-compris.jpg\" alt=\"voyages s\u00e9jours Laponie Finlande 2026 janvier f\u00e9vrier mars 2026 Su\u00e8de Norv\u00e8ge tout compris\" class=\"wp-image-237\" srcset=\"https:\/\/www.voyages-laponie-exclusive.com\/wp-content\/uploads\/2025\/05\/voyages-sejours-laponie-finlande-2026-janvier-fevrier-mars-2026-suede-norvege-tout-compris.jpg 1700w, https:\/\/www.voyages-laponie-exclusive.com\/wp-content\/uploads\/2025\/05\/voyages-sejours-laponie-finlande-2026-janvier-fevrier-mars-2026-suede-norvege-tout-compris-300x112.jpg 300w, https:\/\/www.voyages-laponie-exclusive.com\/wp-content\/uploads\/2025\/05\/voyages-sejours-laponie-finlande-2026-janvier-fevrier-mars-2026-suede-norvege-tout-compris-1024x381.jpg 1024w, https:\/\/www.voyages-laponie-exclusive.com\/wp-content\/uploads\/2025\/05\/voyages-sejours-laponie-finlande-2026-janvier-fevrier-mars-2026-suede-norvege-tout-compris-768x286.jpg 768w, https:\/\/www.voyages-laponie-exclusive.com\/wp-content\/uploads\/2025\/05\/voyages-sejours-laponie-finlande-2026-janvier-fevrier-mars-2026-suede-norvege-tout-compris-1536x571.jpg 1536w\" sizes=\"auto, (max-width: 1700px) 100vw, 1700px\" \/><figcaption class=\"wp-element-caption\">Voyages s\u00e9jours Laponie Finlande 2025 2026 janvier f\u00e9vrier mars 2026 Su\u00e8de Norv\u00e8ge tout compris<\/figcaption><\/figure>\n\n\n\n<p>Disponibles sur d\u00e9cembre 2025, janvier, f\u00e9vrier et mars 2026<br><br><strong>Programmes :<br>Voyages s\u00e9jours Laponie Finlande 2025 2026, Multi-Activit\u00e9s, Safari Motoneige, Aurores Bor\u00e9ales, 6 jours<\/strong><br><br><strong>Jour 1 \u2013 : Paris\u2013Laponie sur Vol Direct<\/strong><br><strong>\u2013 Sortie Observation des Aurores Bor\u00e9ales avec notre guide<\/strong><br>. D\u00e9part de France \u2013 Vol Direct A\/R Paris \u2013 Laponie Finlande<br>. Accueil par notre guide fran\u00e7ais de notre agence<br>. Transfert \u00e0 votre h\u00e9bergement<br>. Remise de vos \u00e9quipements anti-froid (chaussettes, bottes, combinaison, gants\u2026)<br>. Installation<br>. Verre de bienvenue et pr\u00e9sentation des activit\u00e9s<br>. Sauna \u00e0 l\u2019h\u00f4tel<br>. D\u00eener<br>. Sortie Observation des Aurores Bor\u00e9ales avec notre guide<br><br><strong>Jour 2 \u2013 :&nbsp;La Ferme de Rennes, Traineau de Rennes, Les Eleveurs de Rennes, Culture lapone \u2013 D\u00e9jeuner Lapon<\/strong><br>\u2013&nbsp;<strong>No\u00ebl et Soir\u00e9e traditionnelle du No\u00ebl 2025<\/strong><br>. Petit-d\u00e9jeuner<br>. Visite d\u2019une Ferme de Rennes<br>. Rencontre avec les Lapons \u00e9leveurs de Rennes, La vie des Lapons et d\u00e9couverte de la vie d\u2019une ferme de rennes<br>. Culture lapone<br>. D\u00e9jeuner Lapon autour d\u2019un feu<br>. Excursion en Tra\u00eeneau \u00e0 rennes : vous conduirez votre propre traineau de rennes<br>. Sauna \u00e0 l\u2019h\u00f4tel<br>\u2013 Soir\u00e9e du No\u00ebl 2025 :<br>. Rencontre avec le P\u00e8re No\u00ebl, animations, chants de no\u00ebl avec le P\u00e8re No\u00ebl<br>. D\u00eener buffet traditionnel de No\u00ebl<br><br><strong>Jour 3 \u2013 :<\/strong>&nbsp;<strong>La Ferme de Chiens Huskies, D\u00e9jeuner typique, Traineau de Chiens Huskies<br>\u2013 Sortie Observation des Aurores Bor\u00e9ales avec notre guide<\/strong><br>. Petit-d\u00e9jeuner<br>. Visite de la ferme de Chiens Huskies<br>. Rencontre avec les \u00e9leveurs de Chiens Huskies, d\u00e9couverte de la vie d\u2019une Ferme de Chiens Huskies<br>. D\u00e9jeuner typique<br>. Explication de la conduite de votre propre Traineau de Chiens Huskies<br>. Mise en place des attelages de chiens<br>. Excursion en tra\u00eeneau de Chiens Husky : vous conduirez votre propre Traineau de Chiens Huskies (un attelage de 6 \u00e0 8 Chiens) attribu\u00e9 \u00e0 votre famille<br>. Sauna \u00e0 l\u2019h\u00f4tel<br>. D\u00eener<br>. Sortie Observation des Aurores Bor\u00e9ales avec notre guide<\/p>\n\n\n\n<p><strong>Jour 4 \u2013 : P\u00eache Blanche sur Lac gel\u00e9 \u2013 D\u00e9jeuner typique \u2013 Safari Motoneige<\/strong><br>\u2013&nbsp;<strong>Sortie Observation des Aurores Bor\u00e9ales avec notre guide<\/strong><br>. Petit-d\u00e9jeuner<br>. D\u00e9part du Safari Motoneige pour toute la famille<br>. Safari Motoneige \u00e0 travers les for\u00eats et sur les lacs gel\u00e9s<br>. P\u00eache blanche sur lac gel\u00e9<br>. D\u00e9jeuner typique Autour d\u2019un Feu, sous un Kota ou en Auberge<br>. Suite du Safari Motoneige<br>. Sauna \u00e0 l\u2019h\u00f4tel<br>. D\u00eener<\/p>\n\n\n\n<p><strong>Jour 5 \u2013 : Journ\u00e9e libre pour d\u2019autres activit\u00e9s, Raquettes, Ski de Fond, Ski de Piste, etc\u2026<\/strong><br>et\/ou&nbsp;<strong>La Maison du P\u00e8re No\u00ebl, Rencontre, Atelier Cartes Postales, Atelier P\u00e2tisseries avec le P\u00e8re No\u00ebl<br>\u2013 Sortie Observation des Aurores Bor\u00e9ales avec notre guide<\/strong><br>. Petit-d\u00e9jeuner<br>. Temps libre pour d\u2019autres activit\u00e9s, Raquettes, Ski de Fond, Ski de Piste, etc\u2026<br>et\/ou La Maison du P\u00e8re No\u00ebl, Rencontre, Atelier Cartes Postales, Atelier P\u00e2tisseries avec le P\u00e8re No\u00ebl<br>. D\u00e9jeuner<br>. Temps libre pour d\u2019autres activit\u00e9s, Raquettes, Ski de Fond, Ski de Piste, etc\u2026<br>et\/ou La Maison du P\u00e8re No\u00ebl, Rencontre, Atelier Cartes Postales, Atelier P\u00e2tisseries avec le P\u00e8re No\u00ebl<br>. Sauna \u00e0 l\u2019h\u00f4tel<br>. D\u00eener<br>. Sortie Observation des Aurores Bor\u00e9ales avec notre guide<br><br><strong>Jour 6 \u2013 : Laponie\u2013Paris sur Vol Direct<\/strong><br>. Petit-d\u00e9jeuner<br>. Matin\u00e9e libre selon les horaires de vols<br>. Transfert en direction de l\u2019a\u00e9roport<br>. Envol pour la France dans la journ\u00e9e<br>. Vol Direct A\/R Laponie Finlande \u2013 Paris<\/p>\n\n\n\n<p><strong>Voyages s\u00e9jours Laponie Finlande 2025 2026, Multi-Activit\u00e9s, Safari Motoneige, Aurores Bor\u00e9ales, 5 jours<\/strong><br><br><strong>Jour 1 \u2013 : Paris\u2013Laponie sur Vol Direct<\/strong><br><strong>\u2013 Sortie Observation des Aurores Bor\u00e9ales avec notre guide<\/strong><br>. D\u00e9part de France \u2013 Vol Direct A\/R Paris \u2013 Laponie Finlande<br>. Accueil par notre guide FR de notre agence<br>. Transfert \u00e0 votre h\u00e9bergement<br>. Remise de vos \u00e9quipements anti-froid (chaussettes, bottes, combinaison, gants\u2026)<br>. Installation<br>. Verre de bienvenue et pr\u00e9sentation des activit\u00e9s<br>. Sauna \u00e0 l\u2019h\u00f4tel<br>. D\u00eener<br>. Sortie Observation des Aurores Bor\u00e9ales avec notre guide<br><br>J<strong>our 2 \u2013 :&nbsp;La Ferme de Rennes, Traineau de Rennes, Les Eleveurs de Rennes, Culture lapone \u2013 D\u00e9jeuner Lapon sous un Kota<\/strong><br>\u2013&nbsp;<strong>No\u00ebl et Soir\u00e9e traditionnelle du No\u00ebl 2025<\/strong><br>. Petit-d\u00e9jeuner<br>. Visite d\u2019une Ferme de Rennes<br>. Rencontre avec les Lapons \u00e9leveurs de Rennes, La vie des Lapons et d\u00e9couverte de la vie d\u2019une ferme de rennes<br>. Culture lapone<br>. D\u00e9jeuner Lapon autour d\u2019un feu<br>. Excursion en Tra\u00eeneau \u00e0 rennes : vous conduirez votre propre traineau de rennes<br>. Sauna \u00e0 l\u2019h\u00f4tel<br>\u2013 Soir\u00e9e du No\u00ebl 2025 :<br>. Rencontre avec le P\u00e8re No\u00ebl, animations, musique et chants de no\u00ebl<br>. D\u00eener buffet traditionnel de No\u00ebl<br><br><strong>Jour 3 \u2013 :<\/strong>&nbsp;<strong>La Ferme de Chiens Huskies, D\u00e9jeuner typique, Traineau de Chiens Huskies<br>\u2013 Sortie Observation des Aurores Bor\u00e9ales avec notre guide<\/strong><br>. Petit-d\u00e9jeuner<br>. Visite de la ferme de Chiens Huskies<br>. Rencontre avec les \u00e9leveurs de Chiens Huskies, d\u00e9couverte de la vie d\u2019une Ferme de Chiens Huskies<br>. D\u00e9jeuner typique<br>. Explication de la conduite de votre propre Traineau de Chiens Huskies<br>. Mise en place des attelages de chiens<br>. Excursion en tra\u00eeneau de Chiens Husky : vous conduirez votre propre Traineau de Chiens Huskies (un attelage de 6 \u00e0 8 Chiens) attribu\u00e9 \u00e0 votre famille<br>. Sauna \u00e0 l\u2019h\u00f4tel<br>. D\u00eener<br>. Sortie Observation des Aurores Bor\u00e9ales avec notre guide<\/p>\n\n\n\n<p><strong>Jour 4 \u2013 : P\u00eache Blanche sur Lac gel\u00e9 \u2013 D\u00e9jeuner typique \u2013 Safari Motoneige<\/strong><br>\u2013&nbsp;<strong>Sortie Observation des Aurores Bor\u00e9ales avec notre guide<\/strong><br>. Petit-d\u00e9jeuner<br>. D\u00e9part du Safari Motoneige pour toute la famille<br>. Safari Motoneige \u00e0 travers les for\u00eats et sur les lacs gel\u00e9s<br>. P\u00eache blanche sur lac gel\u00e9<br>. D\u00e9jeuner typique Autour d\u2019un Feu, sous un Kota ou en Auberge<br>. Suite du Safari Motoneige<br>. Sauna \u00e0 l\u2019h\u00f4tel<br>. D\u00eener<br><br><strong>Jour 5 \u2013 : Laponie\u2013Paris sur Vol Direct<\/strong><br>. Petit-d\u00e9jeuner<br>. Matin\u00e9e libre selon les horaires de vols,<br>temps libre pour d\u2019autres activit\u00e9s, Raquettes, Ski de Fond, Ski de Piste, etc\u2026<br>. Transfert en direction de l\u2019a\u00e9roport<br>. Envol pour la France dans la journ\u00e9e<br>. Vol Direct A\/R Laponie Finlande \u2013 Paris<\/p>\n\n\n\n<p><strong>Option \u2013 1 nuit dans un Igloo de Verre dans un Aurora Panorama Igloo<\/strong><br>. D\u00eener dans votre h\u00f4tel au c\u0153ur du Village Station de Ski<br>. Transfert (env 10 min) avec notre guide francophone<br>. Accueil par notre guide francophone, Visite des lieux et Installation dans votre Igloo de Verre<br>. Explication du ph\u00e9nom\u00e8ne des Aurores Bor\u00e9ales par notre guide francophone<br>. Nuit dans votre Igloo de Verre<br>. Possibilit\u00e9 d\u2019admirer les Aurores Bor\u00e9ales depuis l\u2019int\u00e9rieur de votre igloo gr\u00e2ce \u00e0 la vue panoramique<br>(selon les conditions climatiques et magn\u00e9tiques)<br>. Petit d\u00e9jeuner buffet scandinave<\/p>\n\n\n\n<p><strong>Option \u2013 La Maison du P\u00e8re No\u00ebl, Rencontre, Atelier Cartes Postales, Atelier P\u00e2tisseries avec le P\u00e8re No\u00ebl<\/strong><br>. Excursion \u00e0 la Maison du P\u00e8re No\u00ebl<br>. Accueil par les lutins du P\u00e8re No\u00ebl, jeux et luge devant la maison du<br>P\u00e8re No\u00ebl<br>. Rencontre et photos avec le P\u00e8re No\u00ebl<br>. Animations, Jeux et Chants avec le P\u00e8re No\u00ebl<br>. Les enfants participeront \u00e0 un Atelier Cartes Postales, Atelier<br>P\u00e2tisseries (brioche et cookies) avec le P\u00e8re et la M\u00e8re No\u00ebl<br>. Les enfants parlent et posent des questions au P\u00e8re No\u00ebl.<br>. Le P\u00e8re No\u00ebl remet un cadeau \u00e0 chaque enfant<br><br>Informations<br>\u2013 \u00c9quipement anti-froid<br>Nous vous fournissons gratuitement d\u00e8s votre arriv\u00e9e un \u00e9quipement complet anti-froid que vous garderez pendant la totalit\u00e9 du s\u00e9jour, comprenant : bottes, chaussettes, combinaison, gants\u2026<br><br>Nos voyages s\u00e9jours Laponie Exclusive, consultez les avis clients t\u00e9moignages de nos participants :<br><a href=\"https:\/\/www.laponie-exclusive.com\/voyages-sejours-laponie-exclusive-avis-clients-forum-experiences-temoignages\/\">Voyages s\u00e9jours Laponie Exclusive avis clients forum exp\u00e9riences t\u00e9moignages<\/a><br><br><br>Voyages s\u00e9jours Laponie Finlande 2025 2026 janvier f\u00e9vrier mars 2026 Su\u00e8de Norv\u00e8ge tout compris<br>Disponibles sur d\u00e9cembre 2025, janvier, f\u00e9vrier et mars 2026<br>Le nombre de places est limit\u00e9, nous vous conseillons de nous contacter et de r\u00e9serv\u00e9 au plus vite !<br>Programmes et tarifs valables au 09\/04\/2025, sous r\u00e9serve de modifications et dans la limite des places disponibles.<br><br><strong>Demandez votre Devis personnalis\u00e9 par t\u00e9l\u00e9phone au 04 56 66 09 10<\/strong><br>ou en Cliquant ici :<\/p>\n\n\n\n<div class=\"wp-block-buttons is-layout-flex wp-block-buttons-is-layout-flex\">\n<div class=\"wp-block-button\"><a class=\"wp-block-button__link has-text-align-center wp-element-button\" href=\"https:\/\/www.voyages-laponie-exclusive.com\/index.php\/voyages-sejours-laponie-finlande-demande-devis\/\">   Demande de Devis   <\/a><\/div>\n<\/div>\n\n\n\n<p><\/p>\n","protected":false},"excerpt":{"rendered":"<p>Disponibles sur d\u00e9cembre 2025, janvier, f\u00e9vrier et mars 2026 Programmes :Voyages s\u00e9jours Laponie Finlande 2025 2026, Multi-Activit\u00e9s, Safari Motoneige, Aurores Bor\u00e9ales, 6 jours Jour 1 \u2013 : Paris\u2013Laponie sur Vol Direct\u2013 Sortie Observation des Aurores Bor\u00e9ales avec notre guide. D\u00e9part de France \u2013 Vol Direct A\/R Paris \u2013 Laponie Finlande. Accueil par notre guide fran\u00e7ais&#8230;<\/p>\n","protected":false},"author":1,"featured_media":0,"parent":0,"menu_order":0,"comment_status":"closed","ping_status":"closed","template":"","meta":{"_kad_post_transparent":"","_kad_post_title":"","_kad_post_layout":"","_kad_post_sidebar_id":"","_kad_post_content_style":"","_kad_post_vertical_padding":"","_kad_post_feature":"","_kad_post_feature_position":"","_kad_post_header":false,"_kad_post_footer":false,"footnotes":""},"class_list":["post-31","page","type-page","status-publish","hentry"],"yoast_head":"<!-- This site is optimized with the Yoast SEO plugin v22.0 - https:\/\/yoast.com\/wordpress\/plugins\/seo\/ -->\n<title>Voyages s\u00e9jours Laponie Finlande 2025 2026 janvier f\u00e9vrier mars 2026 Su\u00e8de Norv\u00e8ge tout compris<\/title>\n<meta name=\"description\" content=\"Voyages s\u00e9jours Laponie Finlande 2025 2026 janvier f\u00e9vrier mars 2026 Su\u00e8de Norv\u00e8ge tout compris, Disponibles sur d\u00e9cembre 2025, janvier et f\u00e9vrier 2026, Voyages s\u00e9jours Laponie Finlande 2026 janvier f\u00e9vrier mars 2026 Su\u00e8de Norv\u00e8ge tout compris\" \/>\n<meta name=\"robots\" content=\"index, follow, max-snippet:-1, max-image-preview:large, max-video-preview:-1\" \/>\n<link rel=\"canonical\" href=\"https:\/\/www.voyages-laponie-exclusive.com\/index.php\/voyages-sejours-laponie-finlande-2026-janvier-fevrier-mars-2026-suede-norvege-tout-compris\/\" \/>\n<meta property=\"og:locale\" content=\"fr_FR\" \/>\n<meta property=\"og:type\" content=\"article\" \/>\n<meta property=\"og:title\" content=\"Voyages s\u00e9jours Laponie Finlande 2025 2026 janvier f\u00e9vrier mars 2026 Su\u00e8de Norv\u00e8ge tout compris\" \/>\n<meta property=\"og:description\" content=\"Voyages s\u00e9jours Laponie Finlande 2025 2026 janvier f\u00e9vrier mars 2026 Su\u00e8de Norv\u00e8ge tout compris, Disponibles sur d\u00e9cembre 2025, janvier et f\u00e9vrier 2026, Voyages s\u00e9jours Laponie Finlande 2026 janvier f\u00e9vrier mars 2026 Su\u00e8de Norv\u00e8ge tout compris\" \/>\n<meta property=\"og:url\" content=\"https:\/\/www.voyages-laponie-exclusive.com\/index.php\/voyages-sejours-laponie-finlande-2026-janvier-fevrier-mars-2026-suede-norvege-tout-compris\/\" \/>\n<meta property=\"og:site_name\" content=\"Voyages Laponie Exclusive\" \/>\n<meta property=\"article:modified_time\" content=\"2025-05-19T09:47:20+00:00\" \/>\n<meta property=\"og:image\" content=\"http:\/\/www.voyages-laponie-exclusive.com\/wp-content\/uploads\/2025\/05\/voyages-sejours-laponie-finlande-2026-janvier-fevrier-mars-2026-suede-norvege-tout-compris.jpg\" \/>\n<meta name=\"twitter:card\" content=\"summary_large_image\" \/>\n<meta name=\"twitter:label1\" content=\"Dur\u00e9e de lecture estim\u00e9e\" \/>\n\t<meta name=\"twitter:data1\" content=\"7 minutes\" \/>\n<script type=\"application\/ld+json\" class=\"yoast-schema-graph\">{\"@context\":\"https:\/\/schema.org\",\"@graph\":[{\"@type\":\"WebPage\",\"@id\":\"https:\/\/www.voyages-laponie-exclusive.com\/index.php\/voyages-sejours-laponie-finlande-2026-janvier-fevrier-mars-2026-suede-norvege-tout-compris\/\",\"url\":\"https:\/\/www.voyages-laponie-exclusive.com\/index.php\/voyages-sejours-laponie-finlande-2026-janvier-fevrier-mars-2026-suede-norvege-tout-compris\/\",\"name\":\"Voyages s\u00e9jours Laponie Finlande 2025 2026 janvier f\u00e9vrier mars 2026 Su\u00e8de Norv\u00e8ge tout compris\",\"isPartOf\":{\"@id\":\"https:\/\/www.voyages-laponie-exclusive.com\/#website\"},\"datePublished\":\"2024-02-08T18:53:56+00:00\",\"dateModified\":\"2025-05-19T09:47:20+00:00\",\"description\":\"Voyages s\u00e9jours Laponie Finlande 2025 2026 janvier f\u00e9vrier mars 2026 Su\u00e8de Norv\u00e8ge tout compris, Disponibles sur d\u00e9cembre 2025, janvier et f\u00e9vrier 2026, Voyages s\u00e9jours Laponie Finlande 2026 janvier f\u00e9vrier mars 2026 Su\u00e8de Norv\u00e8ge tout compris\",\"breadcrumb\":{\"@id\":\"https:\/\/www.voyages-laponie-exclusive.com\/index.php\/voyages-sejours-laponie-finlande-2026-janvier-fevrier-mars-2026-suede-norvege-tout-compris\/#breadcrumb\"},\"inLanguage\":\"fr-FR\",\"potentialAction\":[{\"@type\":\"ReadAction\",\"target\":[\"https:\/\/www.voyages-laponie-exclusive.com\/index.php\/voyages-sejours-laponie-finlande-2026-janvier-fevrier-mars-2026-suede-norvege-tout-compris\/\"]}]},{\"@type\":\"BreadcrumbList\",\"@id\":\"https:\/\/www.voyages-laponie-exclusive.com\/index.php\/voyages-sejours-laponie-finlande-2026-janvier-fevrier-mars-2026-suede-norvege-tout-compris\/#breadcrumb\",\"itemListElement\":[{\"@type\":\"ListItem\",\"position\":1,\"name\":\"Accueil\",\"item\":\"https:\/\/www.voyages-laponie-exclusive.com\/\"},{\"@type\":\"ListItem\",\"position\":2,\"name\":\"Voyages 2025 2026, Spa Piscine, Multi-Activit\u00e9s, Safari Motoneige, Aurores Bor\u00e9ales\"}]},{\"@type\":\"WebSite\",\"@id\":\"https:\/\/www.voyages-laponie-exclusive.com\/#website\",\"url\":\"https:\/\/www.voyages-laponie-exclusive.com\/\",\"name\":\"Voyages Laponie Exclusive\",\"description\":\"Magnifiques et F\u00e9\u00e9riques voyages\",\"publisher\":{\"@id\":\"https:\/\/www.voyages-laponie-exclusive.com\/#organization\"},\"potentialAction\":[{\"@type\":\"SearchAction\",\"target\":{\"@type\":\"EntryPoint\",\"urlTemplate\":\"https:\/\/www.voyages-laponie-exclusive.com\/?s={search_term_string}\"},\"query-input\":\"required name=search_term_string\"}],\"inLanguage\":\"fr-FR\"},{\"@type\":\"Organization\",\"@id\":\"https:\/\/www.voyages-laponie-exclusive.com\/#organization\",\"name\":\"Voyages Laponie Exclusive\",\"url\":\"https:\/\/www.voyages-laponie-exclusive.com\/\",\"logo\":{\"@type\":\"ImageObject\",\"inLanguage\":\"fr-FR\",\"@id\":\"https:\/\/www.voyages-laponie-exclusive.com\/#\/schema\/logo\/image\/\",\"url\":\"https:\/\/www.voyages-laponie-exclusive.com\/wp-content\/uploads\/2024\/02\/voyages-laponie-2025-janvier-fevrier-mars-2025-finlande-suede-sejours-tout-compris.jpg\",\"contentUrl\":\"https:\/\/www.voyages-laponie-exclusive.com\/wp-content\/uploads\/2024\/02\/voyages-laponie-2025-janvier-fevrier-mars-2025-finlande-suede-sejours-tout-compris.jpg\",\"width\":815,\"height\":543,\"caption\":\"Voyages Laponie Exclusive\"},\"image\":{\"@id\":\"https:\/\/www.voyages-laponie-exclusive.com\/#\/schema\/logo\/image\/\"}}]}<\/script>\n<!-- \/ Yoast SEO plugin. -->","yoast_head_json":{"title":"Voyages s\u00e9jours Laponie Finlande 2025 2026 janvier f\u00e9vrier mars 2026 Su\u00e8de Norv\u00e8ge tout compris","description":"Voyages s\u00e9jours Laponie Finlande 2025 2026 janvier f\u00e9vrier mars 2026 Su\u00e8de Norv\u00e8ge tout compris, Disponibles sur d\u00e9cembre 2025, janvier et f\u00e9vrier 2026, Voyages s\u00e9jours Laponie Finlande 2026 janvier f\u00e9vrier mars 2026 Su\u00e8de Norv\u00e8ge tout compris","robots":{"index":"index","follow":"follow","max-snippet":"max-snippet:-1","max-image-preview":"max-image-preview:large","max-video-preview":"max-video-preview:-1"},"canonical":"https:\/\/www.voyages-laponie-exclusive.com\/index.php\/voyages-sejours-laponie-finlande-2026-janvier-fevrier-mars-2026-suede-norvege-tout-compris\/","og_locale":"fr_FR","og_type":"article","og_title":"Voyages s\u00e9jours Laponie Finlande 2025 2026 janvier f\u00e9vrier mars 2026 Su\u00e8de Norv\u00e8ge tout compris","og_description":"Voyages s\u00e9jours Laponie Finlande 2025 2026 janvier f\u00e9vrier mars 2026 Su\u00e8de Norv\u00e8ge tout compris, Disponibles sur d\u00e9cembre 2025, janvier et f\u00e9vrier 2026, Voyages s\u00e9jours Laponie Finlande 2026 janvier f\u00e9vrier mars 2026 Su\u00e8de Norv\u00e8ge tout compris","og_url":"https:\/\/www.voyages-laponie-exclusive.com\/index.php\/voyages-sejours-laponie-finlande-2026-janvier-fevrier-mars-2026-suede-norvege-tout-compris\/","og_site_name":"Voyages Laponie Exclusive","article_modified_time":"2025-05-19T09:47:20+00:00","og_image":[{"url":"http:\/\/www.voyages-laponie-exclusive.com\/wp-content\/uploads\/2025\/05\/voyages-sejours-laponie-finlande-2026-janvier-fevrier-mars-2026-suede-norvege-tout-compris.jpg"}],"twitter_card":"summary_large_image","twitter_misc":{"Dur\u00e9e de lecture estim\u00e9e":"7 minutes"},"schema":{"@context":"https:\/\/schema.org","@graph":[{"@type":"WebPage","@id":"https:\/\/www.voyages-laponie-exclusive.com\/index.php\/voyages-sejours-laponie-finlande-2026-janvier-fevrier-mars-2026-suede-norvege-tout-compris\/","url":"https:\/\/www.voyages-laponie-exclusive.com\/index.php\/voyages-sejours-laponie-finlande-2026-janvier-fevrier-mars-2026-suede-norvege-tout-compris\/","name":"Voyages s\u00e9jours Laponie Finlande 2025 2026 janvier f\u00e9vrier mars 2026 Su\u00e8de Norv\u00e8ge tout compris","isPartOf":{"@id":"https:\/\/www.voyages-laponie-exclusive.com\/#website"},"datePublished":"2024-02-08T18:53:56+00:00","dateModified":"2025-05-19T09:47:20+00:00","description":"Voyages s\u00e9jours Laponie Finlande 2025 2026 janvier f\u00e9vrier mars 2026 Su\u00e8de Norv\u00e8ge tout compris, Disponibles sur d\u00e9cembre 2025, janvier et f\u00e9vrier 2026, Voyages s\u00e9jours Laponie Finlande 2026 janvier f\u00e9vrier mars 2026 Su\u00e8de Norv\u00e8ge tout compris","breadcrumb":{"@id":"https:\/\/www.voyages-laponie-exclusive.com\/index.php\/voyages-sejours-laponie-finlande-2026-janvier-fevrier-mars-2026-suede-norvege-tout-compris\/#breadcrumb"},"inLanguage":"fr-FR","potentialAction":[{"@type":"ReadAction","target":["https:\/\/www.voyages-laponie-exclusive.com\/index.php\/voyages-sejours-laponie-finlande-2026-janvier-fevrier-mars-2026-suede-norvege-tout-compris\/"]}]},{"@type":"BreadcrumbList","@id":"https:\/\/www.voyages-laponie-exclusive.com\/index.php\/voyages-sejours-laponie-finlande-2026-janvier-fevrier-mars-2026-suede-norvege-tout-compris\/#breadcrumb","itemListElement":[{"@type":"ListItem","position":1,"name":"Accueil","item":"https:\/\/www.voyages-laponie-exclusive.com\/"},{"@type":"ListItem","position":2,"name":"Voyages 2025 2026, Spa Piscine, Multi-Activit\u00e9s, Safari Motoneige, Aurores Bor\u00e9ales"}]},{"@type":"WebSite","@id":"https:\/\/www.voyages-laponie-exclusive.com\/#website","url":"https:\/\/www.voyages-laponie-exclusive.com\/","name":"Voyages Laponie Exclusive","description":"Magnifiques et F\u00e9\u00e9riques voyages","publisher":{"@id":"https:\/\/www.voyages-laponie-exclusive.com\/#organization"},"potentialAction":[{"@type":"SearchAction","target":{"@type":"EntryPoint","urlTemplate":"https:\/\/www.voyages-laponie-exclusive.com\/?s={search_term_string}"},"query-input":"required name=search_term_string"}],"inLanguage":"fr-FR"},{"@type":"Organization","@id":"https:\/\/www.voyages-laponie-exclusive.com\/#organization","name":"Voyages Laponie Exclusive","url":"https:\/\/www.voyages-laponie-exclusive.com\/","logo":{"@type":"ImageObject","inLanguage":"fr-FR","@id":"https:\/\/www.voyages-laponie-exclusive.com\/#\/schema\/logo\/image\/","url":"https:\/\/www.voyages-laponie-exclusive.com\/wp-content\/uploads\/2024\/02\/voyages-laponie-2025-janvier-fevrier-mars-2025-finlande-suede-sejours-tout-compris.jpg","contentUrl":"https:\/\/www.voyages-laponie-exclusive.com\/wp-content\/uploads\/2024\/02\/voyages-laponie-2025-janvier-fevrier-mars-2025-finlande-suede-sejours-tout-compris.jpg","width":815,"height":543,"caption":"Voyages Laponie Exclusive"},"image":{"@id":"https:\/\/www.voyages-laponie-exclusive.com\/#\/schema\/logo\/image\/"}}]}},"_links":{"self":[{"href":"https:\/\/www.voyages-laponie-exclusive.com\/index.php\/wp-json\/wp\/v2\/pages\/31","targetHints":{"allow":["GET"]}}],"collection":[{"href":"https:\/\/www.voyages-laponie-exclusive.com\/index.php\/wp-json\/wp\/v2\/pages"}],"about":[{"href":"https:\/\/www.voyages-laponie-exclusive.com\/index.php\/wp-json\/wp\/v2\/types\/page"}],"author":[{"embeddable":true,"href":"https:\/\/www.voyages-laponie-exclusive.com\/index.php\/wp-json\/wp\/v2\/users\/1"}],"replies":[{"embeddable":true,"href":"https:\/\/www.voyages-laponie-exclusive.com\/index.php\/wp-json\/wp\/v2\/comments?post=31"}],"version-history":[{"count":14,"href":"https:\/\/www.voyages-laponie-exclusive.com\/index.php\/wp-json\/wp\/v2\/pages\/31\/revisions"}],"predecessor-version":[{"id":238,"href":"https:\/\/www.voyages-laponie-exclusive.com\/index.php\/wp-json\/wp\/v2\/pages\/31\/revisions\/238"}],"wp:attachment":[{"href":"https:\/\/www.voyages-laponie-exclusive.com\/index.php\/wp-json\/wp\/v2\/media?parent=31"}],"curies":[{"name":"wp","href":"https:\/\/api.w.org\/{rel}","templated":true}]}}