{"id":240,"date":"2025-05-19T17:35:39","date_gmt":"2025-05-19T15:35:39","guid":{"rendered":"https:\/\/www.voyages-laponie-exclusive.com\/?page_id=240"},"modified":"2025-05-19T17:51:27","modified_gmt":"2025-05-19T15:51:27","slug":"voyage-reveillon-2026-2","status":"publish","type":"page","link":"https:\/\/www.voyages-laponie-exclusive.com\/index.php\/voyage-reveillon-2026-2\/","title":{"rendered":"Voyage R\u00e9veillon 2026"},"content":{"rendered":"\n<figure class=\"wp-block-image size-large is-resized\"><img loading=\"lazy\" decoding=\"async\" width=\"1024\" height=\"384\" src=\"http:\/\/www.voyages-laponie-exclusive.com\/wp-content\/uploads\/2025\/05\/voyage-reveillon-2026-1024x384.jpg\" alt=\"voyage r\u00e9veillon 2026\" class=\"wp-image-179\" style=\"width:1178px;height:auto\" srcset=\"https:\/\/www.voyages-laponie-exclusive.com\/wp-content\/uploads\/2025\/05\/voyage-reveillon-2026-1024x384.jpg 1024w, https:\/\/www.voyages-laponie-exclusive.com\/wp-content\/uploads\/2025\/05\/voyage-reveillon-2026-300x113.jpg 300w, https:\/\/www.voyages-laponie-exclusive.com\/wp-content\/uploads\/2025\/05\/voyage-reveillon-2026-768x288.jpg 768w, https:\/\/www.voyages-laponie-exclusive.com\/wp-content\/uploads\/2025\/05\/voyage-reveillon-2026-1536x576.jpg 1536w, https:\/\/www.voyages-laponie-exclusive.com\/wp-content\/uploads\/2025\/05\/voyage-reveillon-2026.jpg 1700w\" sizes=\"auto, (max-width: 1024px) 100vw, 1024px\" \/><figcaption class=\"wp-element-caption\">Voyage R\u00e9veillon 2026<\/figcaption><\/figure>\n\n\n\n<p><strong>Voyage R\u00e9veillon 2026 avec Laponie Exclusive<\/strong><br>D\u00e9couvrez nos possibilit\u00e9s de voyage en Laponie tout compris et R\u00e9veillon 2026, Multi Activit\u00e9s, Safari Motoneige, Aurores Bor\u00e9ales<\/p>\n\n\n\n<p><strong>Voyage R\u00e9veillon 2026 Laponie Exclusive<\/strong> &#8211; <strong>Multi-Activit\u00e9s, Safari Motoneige, Aurores Bor\u00e9ales<br>H\u00e9bergement Chambre ou Loft au Design finlandais<br>\u2013 pour le Nouvel An 2026 sur place avec le R\u00e9veillon 2026, d\u00e9part le 30 d\u00e9cembre 2025<\/strong><br><br>Programme avec le pack multi-activit\u00e9s et motoneige, et c\u00e9l\u00e9bration du nouvel an et r\u00e9veillon 2026 \u00e0 l\u2019H\u00f4tel de Glace:<br>D\u00e9part le 30 d\u00e9cembre 2025<br><strong>Jour 1 \u2013 30 d\u00e9cembre 2025<\/strong> :   France \u2013 Laponie en vol direct dur\u00e9e 3h15<br>Sortie \u00ab\u00a0A la recherche des Aurores Bor\u00e9ales\u00a0\u00bb<br>Vol direct Paris-Laponie, a\u00e9roport de Rovaniemi en Finlande \u2013 Transfert \u2013 Remise de l\u2019\u00e9quipement anti-froid \u2013 Verre de bienvenue \u2013 Sauna \u2013 D\u00eener \u2013 Sortie \u00ab\u00a0A la recherche des Aurores Bor\u00e9ales\u00a0\u00bb avec notre guide fancophone<br><br><strong>Jour 2 \u2013 31 d\u00e9cembre 2025<\/strong> :   La Ferme de chiens huskies \u2013 D\u00e9jeuner typique \u2013 Traineau de chiens huskies<br>\u2013 D\u00eener du nouvel an 2026 \u2013 C\u00e9l\u00e9bration du nouvel an et r\u00e9veillon 2026 \u00e0 l\u2019H\u00f4tel de Glace !<br>Petit-d\u00e9jeuner \u2013 Visite d\u2019une ferme de chiens huskies \u2013 D\u00e9jeuner typique \u2013 Tra\u00eeneau de chiens huskies \u2013 Sauna<br>D\u00eener du nouvel an 2026<br>C\u00e9l\u00e9bration du nouvel an et r\u00e9veillon 2026 \u00e0 l\u2019H\u00f4tel de Glace, avec :<br>. Verre de bienvenue<br>. Visite de l\u2019H\u00f4tel de Glace<br>. Feu d\u2019artifice<br>. Verre pour la nouvelle ann\u00e9e<br>. Ice Disco<br>. Ice Bar de Glace<br><br><strong>Jour 3 \u2013 1er janvier 2026<\/strong> :   Visite de la Ferme de Rennes \u2013 Tra\u00eeneau \u00e0 Rennes<br>D\u00e9jeuner Lapon \u2013 Les Lapons \u2013 Culture lapone<br>Sortie \u00ab\u00a0A la recherche des Aurores Bor\u00e9ales\u00a0\u00bb<br>Petit-d\u00e9jeuner \u2013 Visite d\u2019une ferme de rennes \u2013 Tra\u00eeneau \u00e0 rennes \u2013 D\u00e9jeuner Lapon \u2013 D\u00e9couverte de la vie des lapons \u2013 Culture lapone \u2013 Sauna en soir\u00e9e \u2013 D\u00eener \u2013 Sortie \u00ab\u00a0A la recherche des Aurores Bor\u00e9ales\u00a0\u00bb avec notre guide fancophone<br><br><strong>Jour 4 \u2013 2 janvier 2026<\/strong> :   Safari Motoneige \u2013 D\u00e9jeuner typique \u2013 P\u00eache Blanche sur lac gel\u00e9<br>Sortie \u00ab\u00a0A la recherche des Aurores Bor\u00e9ales\u00a0\u00bb<br>Petit-d\u00e9jeuner \u2013 Safari Motoneige : D\u00e9part du safari en motoneige \u2013 D\u00e9jeuner sp\u00e9cial en plein air autour d\u2018un feu \u2013 P\u00eache blanche sur lac gel\u00e9 \u2013 Sauna \u2013 D\u00eener \u2013 Sortie \u00ab\u00a0A la recherche des Aurores Bor\u00e9ales\u00a0\u00bb avec notre guide francophone<br><br><strong>Jour 5 \u2013 3 janvier 2026 <\/strong>:   Matin\u00e9e libre<br>Envol pour la France dans la mi-journ\u00e9e<br>Petit-d\u00e9jeuner \u2013 Matin\u00e9e libre selon les horaires de vols<br>Transfert en direction de l\u2019a\u00e9roport \u2013 Envol pour France dans la journ\u00e9e<\/p>\n\n\n\n<p>Le nombre de places est limit\u00e9, nous vous conseillons de nous contacter et de r\u00e9serv\u00e9 au plus vite !<br>Programmes et tarifs valables au 10\/04\/2025, sous r\u00e9serve de modifications et dans la limite des places disponibles.<br><br>Informations :<br>Laponie Exclusive, consultez les avis clients t\u00e9moignages de nos participants :<br><a href=\"https:\/\/www.laponie-exclusive.com\/voyages-sejours-laponie-exclusive-avis-clients-forum-experiences-temoignages\/\">Laponie Exclusive avis clients forum exp\u00e9riences t\u00e9moignages<\/a><br><br><br><strong>Demandez votre Devis personnalis\u00e9 par t\u00e9l\u00e9phone au 04 56 66 09 10<\/strong><br>ou en Cliquant ici :<\/p>\n\n\n\n<div class=\"wp-block-buttons is-layout-flex wp-block-buttons-is-layout-flex\">\n<div class=\"wp-block-button\"><a class=\"wp-block-button__link wp-element-button\" href=\"https:\/\/www.voyages-laponie-exclusive.com\/index.php\/voyages-sejours-laponie-finlande-demande-devis\/\">  Demande de Devis   <\/a><\/div>\n<\/div>\n\n\n\n<p><\/p>\n\n\n\n<p><\/p>\n\n\n\n<p>D\u00e9couvrez tous nos voyages :<br><a href=\"https:\/\/www.voyages-laponie-exclusive.com\/index.php\/voyages-sejours-laponie-finlande-2026-janvier-fevrier-mars-2026-suede-norvege-tout-compris\/\">Voyages s\u00e9jours Laponie Finlande 2025 2026 janvier f\u00e9vrier mars 2026 Su\u00e8de Norv\u00e8ge tout compris<\/a><br><a href=\"https:\/\/www.voyages-laponie-exclusive.com\/index.php\/voyages-laponie-2026-janvier-fevrier-mars-2026-finlande-suede-sejours-tout-compris\/\">VOYAGES LAPONIE 2025 2026 JANVIER F\u00c9VRIER MARS 2026 FINLANDE SU\u00c8DE S\u00c9JOURS TOUT COMPRIS<\/a><br><a href=\"https:\/\/www.voyages-laponie-exclusive.com\/\">VOYAGES LAPONIE D\u00c9CEMBRE 2025 JANVIER F\u00c9VRIER MARS 2026 TOUT COMPRIS MULTI ACTIVIT\u00c9S<\/a><br><a href=\"https:\/\/www.voyages-laponie-exclusive.com\/index.php\/voyages-laponie-finlande-2025-2026-tout-compris-multi-activites-safaris-raids-motoneige\/\">VOYAGES LAPONIE FINLANDE 2025 2026, TOUT COMPRIS, MULTI ACTIVIT\u00c9S ET SAFARIS RAIDS MOTONEIGE<\/a><br><a href=\"https:\/\/www.voyages-laponie-exclusive.com\/index.php\/voyages-sejours-laponie-finlande-demande-devis\/\">VOYAGES S\u00c9JOURS LAPONIE FINLANDE \u2013 DEMANDE DE DEVIS<\/a><br><a href=\"https:\/\/www.voyages-laponie-exclusive.com\/index.php\/voyages-sejours-laponie-finlande-2026-janvier-fevrier-mars-2026-suede-norvege-tout-compris\/\">VOYAGES S\u00c9JOURS LAPONIE FINLANDE 2025 2026 JANVIER F\u00c9VRIER MARS 2026 SU\u00c8DE NORV\u00c8GE TOUT COMPRIS<\/a><br><a href=\"https:\/\/www.voyages-laponie-exclusive.com\/index.php\/voyages-sejours-laponie-finlande-noel-2025-tout-compris-hotel-ou-chalet-prive\/\">VOYAGES S\u00c9JOURS LAPONIE FINLANDE NO\u00cbL 2025 TOUT COMPRIS, H\u00d4TEL OU CHALET PRIV\u00c9<\/a><br><br><br><strong>Laponie Exclusive<\/strong><br>Sp\u00e9cialiste de vos voyages, s\u00e9jours et circuits en Laponie<br>8 rue Fran\u00e7ois Morel<br>74200 Thonon les Bains -France<\/p>\n\n\n\n<p>T\u00e9l. :&nbsp;<a href=\"tel:+33456660910\">04 56 66 09 10<\/a><br>Du lundi au samedi de 9h \u00e0 19hImmatriculation Atout France IM074100031<br>Licence d\u2019\u00c9tat N\u00b0 LI.074.09.006<br>Assurances : Mondial Assistance, Tour Gallieni II, 36 ave du G\u00e9n\u00e9ral de Gaulle \u2013 93175 Bagnolet Cedex \u2013 Contrat N\u00b0 303494<br>Garantie Financi\u00e8re : A.P.S.T. (Association Professionnelle de Solidarit\u00e9 du Tourisme), 15 rue Carnot \u2013 75017 Paris \u2013 Membre de l\u2019APST<br>Membre de \u00ab\u00a0Les Entreprises du Voyage\u00a0\u00bb, Syndicat National des Agences de Voyages\u00a0\u00bb, 15 rue Carnot \u2013 75017 Paris<br>Responsabilit\u00e9 Civile Professionnelle : ALLIANZ Eurocourtage IARD \u2013 Immeuble Elys\u00e9es La D\u00e9fense, 7 place du D\u00f4me, TSA 21017, 92099 La D\u00e9fense Cedex \u2013 N\u00b0 86 336 418<br>Responsabilit\u00e9 Civile Professionnelle : Dommages corporels, mat\u00e9riels et immat\u00e9riels : 2 300 000 \u20ac<br><br>D\u00e9couvrez et consultez notre site principal Laponie Exclusive :<br><a href=\"https:\/\/www.laponie-exclusive.com\/\">Laponie Exclusive<\/a><br><a href=\"https:\/\/www.laponie-exclusive.com\/voyage-laponie-tout-compris-2024-2025-2026\/\">Voyage Laponie tout compris 2025 2026<\/a><\/p>\n\n\n\n<p><\/p>\n","protected":false},"excerpt":{"rendered":"<p>Voyage R\u00e9veillon 2026 avec Laponie ExclusiveD\u00e9couvrez nos possibilit\u00e9s de voyage en Laponie tout compris et R\u00e9veillon 2026, Multi Activit\u00e9s, Safari Motoneige, Aurores Bor\u00e9ales Voyage R\u00e9veillon 2026 Laponie Exclusive &#8211; Multi-Activit\u00e9s, Safari Motoneige, Aurores Bor\u00e9alesH\u00e9bergement Chambre ou Loft au Design finlandais\u2013 pour le Nouvel An 2026 sur place avec le R\u00e9veillon 2026, d\u00e9part le 30 d\u00e9cembre&#8230;<\/p>\n","protected":false},"author":1,"featured_media":0,"parent":0,"menu_order":0,"comment_status":"closed","ping_status":"closed","template":"","meta":{"_kad_post_transparent":"","_kad_post_title":"","_kad_post_layout":"","_kad_post_sidebar_id":"","_kad_post_content_style":"","_kad_post_vertical_padding":"","_kad_post_feature":"","_kad_post_feature_position":"","_kad_post_header":false,"_kad_post_footer":false,"footnotes":""},"class_list":["post-240","page","type-page","status-publish","hentry"],"yoast_head":"<!-- This site is optimized with the Yoast SEO plugin v22.0 - https:\/\/yoast.com\/wordpress\/plugins\/seo\/ -->\n<title>Voyage R\u00e9veillon 2026 Tout Compris s\u00e9jour Nouvel An 2026 tout Inclus, All Inclusive<\/title>\n<meta name=\"description\" content=\"Voyage R\u00e9veillon 2026 Tout Compris, s\u00e9jour Nouvel An 2026 tout Inclus, All Inclusive, voyages R\u00e9veillon 2026 Tout Compris, s\u00e9jours Nouvel An 2026 tout Inclus, All Inclusive Laponie Exclusive voyage Laponie Tout Compris 2025 2026, LAPONIE EXCLUSIVE s\u00e9jour Laponie d\u00e9cembre 2025 janvier 2026 multi activit\u00e9s safari motoneige, aurores bor\u00e9ales\" \/>\n<meta name=\"robots\" content=\"index, follow, max-snippet:-1, max-image-preview:large, max-video-preview:-1\" \/>\n<link rel=\"canonical\" href=\"https:\/\/www.voyages-laponie-exclusive.com\/index.php\/voyage-reveillon-2026-2\/\" \/>\n<meta property=\"og:locale\" content=\"fr_FR\" \/>\n<meta property=\"og:type\" content=\"article\" \/>\n<meta property=\"og:title\" content=\"Voyage R\u00e9veillon 2026 Tout Compris s\u00e9jour Nouvel An 2026 tout Inclus, All Inclusive\" \/>\n<meta property=\"og:description\" content=\"Voyage R\u00e9veillon 2026 Tout Compris, s\u00e9jour Nouvel An 2026 tout Inclus, All Inclusive, voyages R\u00e9veillon 2026 Tout Compris, s\u00e9jours Nouvel An 2026 tout Inclus, All Inclusive Laponie Exclusive voyage Laponie Tout Compris 2025 2026, LAPONIE EXCLUSIVE s\u00e9jour Laponie d\u00e9cembre 2025 janvier 2026 multi activit\u00e9s safari motoneige, aurores bor\u00e9ales\" \/>\n<meta property=\"og:url\" content=\"https:\/\/www.voyages-laponie-exclusive.com\/index.php\/voyage-reveillon-2026-2\/\" \/>\n<meta property=\"og:site_name\" content=\"Voyages Laponie Exclusive\" \/>\n<meta property=\"article:modified_time\" content=\"2025-05-19T15:51:27+00:00\" \/>\n<meta property=\"og:image\" content=\"http:\/\/www.voyages-laponie-exclusive.com\/wp-content\/uploads\/2025\/05\/voyage-reveillon-2026-1024x384.jpg\" \/>\n<meta name=\"twitter:card\" content=\"summary_large_image\" \/>\n<meta name=\"twitter:label1\" content=\"Dur\u00e9e de lecture estim\u00e9e\" \/>\n\t<meta name=\"twitter:data1\" content=\"4 minutes\" \/>\n<script type=\"application\/ld+json\" class=\"yoast-schema-graph\">{\"@context\":\"https:\/\/schema.org\",\"@graph\":[{\"@type\":\"WebPage\",\"@id\":\"https:\/\/www.voyages-laponie-exclusive.com\/index.php\/voyage-reveillon-2026-2\/\",\"url\":\"https:\/\/www.voyages-laponie-exclusive.com\/index.php\/voyage-reveillon-2026-2\/\",\"name\":\"Voyage R\u00e9veillon 2026 Tout Compris s\u00e9jour Nouvel An 2026 tout Inclus, All Inclusive\",\"isPartOf\":{\"@id\":\"https:\/\/www.voyages-laponie-exclusive.com\/#website\"},\"datePublished\":\"2025-05-19T15:35:39+00:00\",\"dateModified\":\"2025-05-19T15:51:27+00:00\",\"description\":\"Voyage R\u00e9veillon 2026 Tout Compris, s\u00e9jour Nouvel An 2026 tout Inclus, All Inclusive, voyages R\u00e9veillon 2026 Tout Compris, s\u00e9jours Nouvel An 2026 tout Inclus, All Inclusive Laponie Exclusive voyage Laponie Tout Compris 2025 2026, LAPONIE EXCLUSIVE s\u00e9jour Laponie d\u00e9cembre 2025 janvier 2026 multi activit\u00e9s safari motoneige, aurores bor\u00e9ales\",\"breadcrumb\":{\"@id\":\"https:\/\/www.voyages-laponie-exclusive.com\/index.php\/voyage-reveillon-2026-2\/#breadcrumb\"},\"inLanguage\":\"fr-FR\",\"potentialAction\":[{\"@type\":\"ReadAction\",\"target\":[\"https:\/\/www.voyages-laponie-exclusive.com\/index.php\/voyage-reveillon-2026-2\/\"]}]},{\"@type\":\"BreadcrumbList\",\"@id\":\"https:\/\/www.voyages-laponie-exclusive.com\/index.php\/voyage-reveillon-2026-2\/#breadcrumb\",\"itemListElement\":[{\"@type\":\"ListItem\",\"position\":1,\"name\":\"Accueil\",\"item\":\"https:\/\/www.voyages-laponie-exclusive.com\/\"},{\"@type\":\"ListItem\",\"position\":2,\"name\":\"Voyage R\u00e9veillon 2026\"}]},{\"@type\":\"WebSite\",\"@id\":\"https:\/\/www.voyages-laponie-exclusive.com\/#website\",\"url\":\"https:\/\/www.voyages-laponie-exclusive.com\/\",\"name\":\"Voyages Laponie Exclusive\",\"description\":\"Magnifiques et F\u00e9\u00e9riques voyages\",\"publisher\":{\"@id\":\"https:\/\/www.voyages-laponie-exclusive.com\/#organization\"},\"potentialAction\":[{\"@type\":\"SearchAction\",\"target\":{\"@type\":\"EntryPoint\",\"urlTemplate\":\"https:\/\/www.voyages-laponie-exclusive.com\/?s={search_term_string}\"},\"query-input\":\"required name=search_term_string\"}],\"inLanguage\":\"fr-FR\"},{\"@type\":\"Organization\",\"@id\":\"https:\/\/www.voyages-laponie-exclusive.com\/#organization\",\"name\":\"Voyages Laponie Exclusive\",\"url\":\"https:\/\/www.voyages-laponie-exclusive.com\/\",\"logo\":{\"@type\":\"ImageObject\",\"inLanguage\":\"fr-FR\",\"@id\":\"https:\/\/www.voyages-laponie-exclusive.com\/#\/schema\/logo\/image\/\",\"url\":\"https:\/\/www.voyages-laponie-exclusive.com\/wp-content\/uploads\/2024\/02\/voyages-laponie-2025-janvier-fevrier-mars-2025-finlande-suede-sejours-tout-compris.jpg\",\"contentUrl\":\"https:\/\/www.voyages-laponie-exclusive.com\/wp-content\/uploads\/2024\/02\/voyages-laponie-2025-janvier-fevrier-mars-2025-finlande-suede-sejours-tout-compris.jpg\",\"width\":815,\"height\":543,\"caption\":\"Voyages Laponie Exclusive\"},\"image\":{\"@id\":\"https:\/\/www.voyages-laponie-exclusive.com\/#\/schema\/logo\/image\/\"}}]}<\/script>\n<!-- \/ Yoast SEO plugin. -->","yoast_head_json":{"title":"Voyage R\u00e9veillon 2026 Tout Compris s\u00e9jour Nouvel An 2026 tout Inclus, All Inclusive","description":"Voyage R\u00e9veillon 2026 Tout Compris, s\u00e9jour Nouvel An 2026 tout Inclus, All Inclusive, voyages R\u00e9veillon 2026 Tout Compris, s\u00e9jours Nouvel An 2026 tout Inclus, All Inclusive Laponie Exclusive voyage Laponie Tout Compris 2025 2026, LAPONIE EXCLUSIVE s\u00e9jour Laponie d\u00e9cembre 2025 janvier 2026 multi activit\u00e9s safari motoneige, aurores bor\u00e9ales","robots":{"index":"index","follow":"follow","max-snippet":"max-snippet:-1","max-image-preview":"max-image-preview:large","max-video-preview":"max-video-preview:-1"},"canonical":"https:\/\/www.voyages-laponie-exclusive.com\/index.php\/voyage-reveillon-2026-2\/","og_locale":"fr_FR","og_type":"article","og_title":"Voyage R\u00e9veillon 2026 Tout Compris s\u00e9jour Nouvel An 2026 tout Inclus, All Inclusive","og_description":"Voyage R\u00e9veillon 2026 Tout Compris, s\u00e9jour Nouvel An 2026 tout Inclus, All Inclusive, voyages R\u00e9veillon 2026 Tout Compris, s\u00e9jours Nouvel An 2026 tout Inclus, All Inclusive Laponie Exclusive voyage Laponie Tout Compris 2025 2026, LAPONIE EXCLUSIVE s\u00e9jour Laponie d\u00e9cembre 2025 janvier 2026 multi activit\u00e9s safari motoneige, aurores bor\u00e9ales","og_url":"https:\/\/www.voyages-laponie-exclusive.com\/index.php\/voyage-reveillon-2026-2\/","og_site_name":"Voyages Laponie Exclusive","article_modified_time":"2025-05-19T15:51:27+00:00","og_image":[{"url":"http:\/\/www.voyages-laponie-exclusive.com\/wp-content\/uploads\/2025\/05\/voyage-reveillon-2026-1024x384.jpg"}],"twitter_card":"summary_large_image","twitter_misc":{"Dur\u00e9e de lecture estim\u00e9e":"4 minutes"},"schema":{"@context":"https:\/\/schema.org","@graph":[{"@type":"WebPage","@id":"https:\/\/www.voyages-laponie-exclusive.com\/index.php\/voyage-reveillon-2026-2\/","url":"https:\/\/www.voyages-laponie-exclusive.com\/index.php\/voyage-reveillon-2026-2\/","name":"Voyage R\u00e9veillon 2026 Tout Compris s\u00e9jour Nouvel An 2026 tout Inclus, All Inclusive","isPartOf":{"@id":"https:\/\/www.voyages-laponie-exclusive.com\/#website"},"datePublished":"2025-05-19T15:35:39+00:00","dateModified":"2025-05-19T15:51:27+00:00","description":"Voyage R\u00e9veillon 2026 Tout Compris, s\u00e9jour Nouvel An 2026 tout Inclus, All Inclusive, voyages R\u00e9veillon 2026 Tout Compris, s\u00e9jours Nouvel An 2026 tout Inclus, All Inclusive Laponie Exclusive voyage Laponie Tout Compris 2025 2026, LAPONIE EXCLUSIVE s\u00e9jour Laponie d\u00e9cembre 2025 janvier 2026 multi activit\u00e9s safari motoneige, aurores bor\u00e9ales","breadcrumb":{"@id":"https:\/\/www.voyages-laponie-exclusive.com\/index.php\/voyage-reveillon-2026-2\/#breadcrumb"},"inLanguage":"fr-FR","potentialAction":[{"@type":"ReadAction","target":["https:\/\/www.voyages-laponie-exclusive.com\/index.php\/voyage-reveillon-2026-2\/"]}]},{"@type":"BreadcrumbList","@id":"https:\/\/www.voyages-laponie-exclusive.com\/index.php\/voyage-reveillon-2026-2\/#breadcrumb","itemListElement":[{"@type":"ListItem","position":1,"name":"Accueil","item":"https:\/\/www.voyages-laponie-exclusive.com\/"},{"@type":"ListItem","position":2,"name":"Voyage R\u00e9veillon 2026"}]},{"@type":"WebSite","@id":"https:\/\/www.voyages-laponie-exclusive.com\/#website","url":"https:\/\/www.voyages-laponie-exclusive.com\/","name":"Voyages Laponie Exclusive","description":"Magnifiques et F\u00e9\u00e9riques voyages","publisher":{"@id":"https:\/\/www.voyages-laponie-exclusive.com\/#organization"},"potentialAction":[{"@type":"SearchAction","target":{"@type":"EntryPoint","urlTemplate":"https:\/\/www.voyages-laponie-exclusive.com\/?s={search_term_string}"},"query-input":"required name=search_term_string"}],"inLanguage":"fr-FR"},{"@type":"Organization","@id":"https:\/\/www.voyages-laponie-exclusive.com\/#organization","name":"Voyages Laponie Exclusive","url":"https:\/\/www.voyages-laponie-exclusive.com\/","logo":{"@type":"ImageObject","inLanguage":"fr-FR","@id":"https:\/\/www.voyages-laponie-exclusive.com\/#\/schema\/logo\/image\/","url":"https:\/\/www.voyages-laponie-exclusive.com\/wp-content\/uploads\/2024\/02\/voyages-laponie-2025-janvier-fevrier-mars-2025-finlande-suede-sejours-tout-compris.jpg","contentUrl":"https:\/\/www.voyages-laponie-exclusive.com\/wp-content\/uploads\/2024\/02\/voyages-laponie-2025-janvier-fevrier-mars-2025-finlande-suede-sejours-tout-compris.jpg","width":815,"height":543,"caption":"Voyages Laponie Exclusive"},"image":{"@id":"https:\/\/www.voyages-laponie-exclusive.com\/#\/schema\/logo\/image\/"}}]}},"_links":{"self":[{"href":"https:\/\/www.voyages-laponie-exclusive.com\/index.php\/wp-json\/wp\/v2\/pages\/240","targetHints":{"allow":["GET"]}}],"collection":[{"href":"https:\/\/www.voyages-laponie-exclusive.com\/index.php\/wp-json\/wp\/v2\/pages"}],"about":[{"href":"https:\/\/www.voyages-laponie-exclusive.com\/index.php\/wp-json\/wp\/v2\/types\/page"}],"author":[{"embeddable":true,"href":"https:\/\/www.voyages-laponie-exclusive.com\/index.php\/wp-json\/wp\/v2\/users\/1"}],"replies":[{"embeddable":true,"href":"https:\/\/www.voyages-laponie-exclusive.com\/index.php\/wp-json\/wp\/v2\/comments?post=240"}],"version-history":[{"count":2,"href":"https:\/\/www.voyages-laponie-exclusive.com\/index.php\/wp-json\/wp\/v2\/pages\/240\/revisions"}],"predecessor-version":[{"id":243,"href":"https:\/\/www.voyages-laponie-exclusive.com\/index.php\/wp-json\/wp\/v2\/pages\/240\/revisions\/243"}],"wp:attachment":[{"href":"https:\/\/www.voyages-laponie-exclusive.com\/index.php\/wp-json\/wp\/v2\/media?parent=240"}],"curies":[{"name":"wp","href":"https:\/\/api.w.org\/{rel}","templated":true}]}}